{"id":9447,"date":"2026-04-24T06:45:55","date_gmt":"2026-04-24T06:45:55","guid":{"rendered":"https:\/\/www.bucuresti21km.ro\/?page_id=9447"},"modified":"2026-04-24T06:48:30","modified_gmt":"2026-04-24T06:48:30","slug":"asociatia-niciodata-singur-prietenii-varstnicilor","status":"publish","type":"page","link":"https:\/\/www.bucuresti21km.ro\/en\/asociatia-niciodata-singur-prietenii-varstnicilor\/","title":{"rendered":"Asociatia NICIODATA SINGUR prietenii varstnicilor"},"content":{"rendered":"<div data-elementor-type=\"wp-page\" data-elementor-id=\"9447\" class=\"elementor elementor-9447\" data-elementor-post-type=\"page\">\n\t\t\t\t\t\t<section class=\"elementor-section elementor-top-section elementor-element elementor-element-e1c477f elementor-section-boxed elementor-section-height-default elementor-section-height-default\" data-id=\"e1c477f\" data-element_type=\"section\" data-e-type=\"section\">\n\t\t\t\t\t\t<div class=\"elementor-container elementor-column-gap-default\">\n\t\t\t\t\t<div class=\"elementor-column elementor-col-100 elementor-top-column elementor-element elementor-element-e6e0410\" data-id=\"e6e0410\" data-element_type=\"column\" data-e-type=\"column\">\n\t\t\t<div class=\"elementor-widget-wrap elementor-element-populated\">\n\t\t\t\t\t\t<div class=\"elementor-element elementor-element-a263bed elementor-widget elementor-widget-heading\" data-id=\"a263bed\" data-element_type=\"widget\" data-e-type=\"widget\" data-widget_type=\"heading.default\">\n\t\t\t\t<div class=\"elementor-widget-container\">\n\t\t\t\t\t<h2 class=\"elementor-heading-title elementor-size-default\">Asociatia NICIODATA SINGUR prietenii varstnicilor<\/h2>\t\t\t\t<\/div>\n\t\t\t\t<\/div>\n\t\t\t\t\t<\/div>\n\t\t<\/div>\n\t\t\t\t\t<\/div>\n\t\t<\/section>\n\t\t\t\t<section class=\"elementor-section elementor-top-section elementor-element elementor-element-400443a elementor-section-boxed elementor-section-height-default elementor-section-height-default\" data-id=\"400443a\" data-element_type=\"section\" data-e-type=\"section\">\n\t\t\t\t\t\t<div class=\"elementor-container elementor-column-gap-default\">\n\t\t\t\t\t<div class=\"elementor-column elementor-col-100 elementor-top-column elementor-element elementor-element-80b8c7d\" data-id=\"80b8c7d\" data-element_type=\"column\" data-e-type=\"column\">\n\t\t\t<div class=\"elementor-widget-wrap elementor-element-populated\">\n\t\t\t\t\t\t<div class=\"elementor-element elementor-element-2f7550f elementor-widget elementor-widget-image\" data-id=\"2f7550f\" data-element_type=\"widget\" data-e-type=\"widget\" data-widget_type=\"image.default\">\n\t\t\t\t<div class=\"elementor-widget-container\">\n\t\t\t\t\t\t\t\t\t\t\t\t\t\t\t\t<a href=\"https:\/\/www.bucuresti21km.ro\/media\/2012\/Prezentare-Niciodata-Singur.pdf\">\n\t\t\t\t\t\t\t<img fetchpriority=\"high\" decoding=\"async\" width=\"1024\" height=\"770\" src=\"https:\/\/www.bucuresti21km.ro\/media\/2012\/NICIODATA-SINGUR-1024x770.jpeg\" class=\"attachment-large size-large wp-image-9449\" alt=\"\" srcset=\"https:\/\/www.bucuresti21km.ro\/media\/2012\/NICIODATA-SINGUR-1024x770.jpeg 1024w, https:\/\/www.bucuresti21km.ro\/media\/2012\/NICIODATA-SINGUR-300x225.jpeg 300w, https:\/\/www.bucuresti21km.ro\/media\/2012\/NICIODATA-SINGUR-1536x1154.jpeg 1536w, https:\/\/www.bucuresti21km.ro\/media\/2012\/NICIODATA-SINGUR-2048x1539.jpeg 2048w, https:\/\/www.bucuresti21km.ro\/media\/2012\/NICIODATA-SINGUR-16x12.jpeg 16w\" sizes=\"(max-width: 1024px) 100vw, 1024px\" \/>\t\t\t\t\t\t\t\t<\/a>\n\t\t\t\t\t\t\t\t\t\t\t\t\t\t\t<\/div>\n\t\t\t\t<\/div>\n\t\t\t\t\t<\/div>\n\t\t<\/div>\n\t\t\t\t\t<\/div>\n\t\t<\/section>\n\t\t\t\t<\/div>","protected":false},"excerpt":{"rendered":"<p>Asociatia NICIODATA SINGUR prietenii varstnicilor<\/p>","protected":false},"author":13,"featured_media":0,"parent":0,"menu_order":0,"comment_status":"closed","ping_status":"closed","template":"page-templates\/template-pagebuilder-full-width.php","meta":{"_monsterinsights_skip_tracking":false,"_monsterinsights_sitenote_active":false,"_monsterinsights_sitenote_note":"","_monsterinsights_sitenote_category":0,"neve_meta_sidebar":"","neve_meta_container":"","neve_meta_enable_content_width":"off","neve_meta_content_width":100,"neve_meta_title_alignment":"","neve_meta_author_avatar":"","neve_post_elements_order":"","neve_meta_disable_header":"","neve_meta_disable_footer":"","neve_meta_disable_title":"on","neve_meta_reading_time":"","_themeisle_gutenberg_block_has_review":false,"footnotes":""},"class_list":["post-9447","page","type-page","status-publish","hentry"],"yoast_head":"<!-- This site is optimized with the Yoast SEO plugin v27.4 - https:\/\/yoast.com\/product\/yoast-seo-wordpress\/ -->\n<title>Asociatia NICIODATA SINGUR prietenii varstnicilor - OMV Petrom Bucharest HALF MARATHON #RunInBucharest<\/title>\n<meta name=\"description\" content=\"\u00cen Rom\u00e2nia marcat\u0103 de pove\u0219tile triste ale b\u0103tr\u00e2niloruita\u021bi, neputincio\u0219i, trata\u021bi cu indiferen\u021b\u0103 \u0219i dispre\u021b, cepoart\u0103 pe umerii lor greut\u0103\u021bile t\u0103cute ale v\u00e2rstei,\" \/>\n<meta name=\"robots\" content=\"index, follow, max-snippet:-1, max-image-preview:large, max-video-preview:-1\" \/>\n<link rel=\"canonical\" href=\"https:\/\/www.bucuresti21km.ro\/en\/asociatia-niciodata-singur-prietenii-varstnicilor\/\" \/>\n<meta property=\"og:locale\" content=\"en_GB\" \/>\n<meta property=\"og:type\" content=\"article\" \/>\n<meta property=\"og:title\" content=\"Asociatia NICIODATA SINGUR prietenii varstnicilor - OMV Petrom Bucharest HALF MARATHON #RunInBucharest\" \/>\n<meta property=\"og:description\" content=\"\u00cen Rom\u00e2nia marcat\u0103 de pove\u0219tile triste ale b\u0103tr\u00e2niloruita\u021bi, neputincio\u0219i, trata\u021bi cu indiferen\u021b\u0103 \u0219i dispre\u021b, cepoart\u0103 pe umerii lor greut\u0103\u021bile t\u0103cute ale v\u00e2rstei,\" \/>\n<meta property=\"og:url\" content=\"https:\/\/www.bucuresti21km.ro\/en\/asociatia-niciodata-singur-prietenii-varstnicilor\/\" \/>\n<meta property=\"og:site_name\" content=\"OMV Petrom Bucharest HALF MARATHON #RunInBucharest\" \/>\n<meta property=\"article:publisher\" content=\"https:\/\/www.facebook.com\/Bucharest21km\/\" \/>\n<meta property=\"article:modified_time\" content=\"2026-04-24T06:48:30+00:00\" \/>\n<meta property=\"og:image\" content=\"https:\/\/www.bucuresti21km.ro\/media\/2012\/NICIODATA-SINGUR.jpeg\" \/>\n\t<meta property=\"og:image:width\" content=\"2334\" \/>\n\t<meta property=\"og:image:height\" content=\"1754\" \/>\n\t<meta property=\"og:image:type\" content=\"image\/jpeg\" \/>\n<meta name=\"twitter:card\" content=\"summary_large_image\" \/>\n<meta name=\"twitter:site\" content=\"@RunInBucharest\" \/>\n<meta name=\"twitter:label1\" content=\"Estimated reading time\" \/>\n\t<meta name=\"twitter:data1\" content=\"1 minute\" \/>\n<script type=\"application\/ld+json\" class=\"yoast-schema-graph\">{\"@context\":\"https:\\\/\\\/schema.org\",\"@graph\":[{\"@type\":\"WebPage\",\"@id\":\"https:\\\/\\\/www.bucuresti21km.ro\\\/asociatia-niciodata-singur-prietenii-varstnicilor\\\/\",\"url\":\"https:\\\/\\\/www.bucuresti21km.ro\\\/asociatia-niciodata-singur-prietenii-varstnicilor\\\/\",\"name\":\"Asociatia NICIODATA SINGUR prietenii varstnicilor - OMV Petrom Bucharest HALF MARATHON #RunInBucharest\",\"isPartOf\":{\"@id\":\"https:\\\/\\\/www.bucuresti21km.ro\\\/#website\"},\"primaryImageOfPage\":{\"@id\":\"https:\\\/\\\/www.bucuresti21km.ro\\\/asociatia-niciodata-singur-prietenii-varstnicilor\\\/#primaryimage\"},\"image\":{\"@id\":\"https:\\\/\\\/www.bucuresti21km.ro\\\/asociatia-niciodata-singur-prietenii-varstnicilor\\\/#primaryimage\"},\"thumbnailUrl\":\"https:\\\/\\\/www.bucuresti21km.ro\\\/media\\\/2012\\\/NICIODATA-SINGUR-1024x770.jpeg\",\"datePublished\":\"2026-04-24T06:45:55+00:00\",\"dateModified\":\"2026-04-24T06:48:30+00:00\",\"description\":\"\u00cen Rom\u00e2nia marcat\u0103 de pove\u0219tile triste ale b\u0103tr\u00e2niloruita\u021bi, neputincio\u0219i, trata\u021bi cu indiferen\u021b\u0103 \u0219i dispre\u021b, cepoart\u0103 pe umerii lor greut\u0103\u021bile t\u0103cute ale v\u00e2rstei,\",\"breadcrumb\":{\"@id\":\"https:\\\/\\\/www.bucuresti21km.ro\\\/asociatia-niciodata-singur-prietenii-varstnicilor\\\/#breadcrumb\"},\"inLanguage\":\"en-GB\",\"potentialAction\":[{\"@type\":\"ReadAction\",\"target\":[\"https:\\\/\\\/www.bucuresti21km.ro\\\/asociatia-niciodata-singur-prietenii-varstnicilor\\\/\"]}]},{\"@type\":\"ImageObject\",\"inLanguage\":\"en-GB\",\"@id\":\"https:\\\/\\\/www.bucuresti21km.ro\\\/asociatia-niciodata-singur-prietenii-varstnicilor\\\/#primaryimage\",\"url\":\"https:\\\/\\\/www.bucuresti21km.ro\\\/media\\\/2012\\\/NICIODATA-SINGUR-1024x770.jpeg\",\"contentUrl\":\"https:\\\/\\\/www.bucuresti21km.ro\\\/media\\\/2012\\\/NICIODATA-SINGUR-1024x770.jpeg\"},{\"@type\":\"BreadcrumbList\",\"@id\":\"https:\\\/\\\/www.bucuresti21km.ro\\\/asociatia-niciodata-singur-prietenii-varstnicilor\\\/#breadcrumb\",\"itemListElement\":[{\"@type\":\"ListItem\",\"position\":1,\"name\":\"Home\",\"item\":\"https:\\\/\\\/www.bucuresti21km.ro\\\/\"},{\"@type\":\"ListItem\",\"position\":2,\"name\":\"Asociatia NICIODATA SINGUR prietenii varstnicilor\"}]},{\"@type\":\"WebSite\",\"@id\":\"https:\\\/\\\/www.bucuresti21km.ro\\\/#website\",\"url\":\"https:\\\/\\\/www.bucuresti21km.ro\\\/\",\"name\":\"OMV Petrom Bucharest HALF MARATHON #RunInBucharest\",\"description\":\"9-10 Mai 2026\",\"publisher\":{\"@id\":\"https:\\\/\\\/www.bucuresti21km.ro\\\/#organization\"},\"potentialAction\":[{\"@type\":\"SearchAction\",\"target\":{\"@type\":\"EntryPoint\",\"urlTemplate\":\"https:\\\/\\\/www.bucuresti21km.ro\\\/?s={search_term_string}\"},\"query-input\":{\"@type\":\"PropertyValueSpecification\",\"valueRequired\":true,\"valueName\":\"search_term_string\"}}],\"inLanguage\":\"en-GB\"},{\"@type\":\"Organization\",\"@id\":\"https:\\\/\\\/www.bucuresti21km.ro\\\/#organization\",\"name\":\"OMV Petrom Bucharest Half Marathon\",\"url\":\"https:\\\/\\\/www.bucuresti21km.ro\\\/\",\"logo\":{\"@type\":\"ImageObject\",\"inLanguage\":\"en-GB\",\"@id\":\"https:\\\/\\\/www.bucuresti21km.ro\\\/#\\\/schema\\\/logo\\\/image\\\/\",\"url\":\"https:\\\/\\\/www.bucuresti21km.ro\\\/media\\\/2012\\\/cropped-opbhm_2021_logo.png\",\"contentUrl\":\"https:\\\/\\\/www.bucuresti21km.ro\\\/media\\\/2012\\\/cropped-opbhm_2021_logo.png\",\"width\":2854,\"height\":595,\"caption\":\"OMV Petrom Bucharest Half Marathon\"},\"image\":{\"@id\":\"https:\\\/\\\/www.bucuresti21km.ro\\\/#\\\/schema\\\/logo\\\/image\\\/\"},\"sameAs\":[\"https:\\\/\\\/www.facebook.com\\\/Bucharest21km\\\/\",\"https:\\\/\\\/x.com\\\/RunInBucharest\",\"https:\\\/\\\/www.instagram.com\\\/runinbucharest\\\/\",\"https:\\\/\\\/www.youtube.com\\\/channel\\\/UCzDKuV0tkMe5LSsImaDVt2g\"]}]}<\/script>\n<!-- \/ Yoast SEO plugin. -->","yoast_head_json":{"title":"Asociatia NICIODATA SINGUR prietenii varstnicilor - OMV Petrom Bucharest HALF MARATHON #RunInBucharest","description":"\u00cen Rom\u00e2nia marcat\u0103 de pove\u0219tile triste ale b\u0103tr\u00e2niloruita\u021bi, neputincio\u0219i, trata\u021bi cu indiferen\u021b\u0103 \u0219i dispre\u021b, cepoart\u0103 pe umerii lor greut\u0103\u021bile t\u0103cute ale v\u00e2rstei,","robots":{"index":"index","follow":"follow","max-snippet":"max-snippet:-1","max-image-preview":"max-image-preview:large","max-video-preview":"max-video-preview:-1"},"canonical":"https:\/\/www.bucuresti21km.ro\/en\/asociatia-niciodata-singur-prietenii-varstnicilor\/","og_locale":"en_GB","og_type":"article","og_title":"Asociatia NICIODATA SINGUR prietenii varstnicilor - OMV Petrom Bucharest HALF MARATHON #RunInBucharest","og_description":"\u00cen Rom\u00e2nia marcat\u0103 de pove\u0219tile triste ale b\u0103tr\u00e2niloruita\u021bi, neputincio\u0219i, trata\u021bi cu indiferen\u021b\u0103 \u0219i dispre\u021b, cepoart\u0103 pe umerii lor greut\u0103\u021bile t\u0103cute ale v\u00e2rstei,","og_url":"https:\/\/www.bucuresti21km.ro\/en\/asociatia-niciodata-singur-prietenii-varstnicilor\/","og_site_name":"OMV Petrom Bucharest HALF MARATHON #RunInBucharest","article_publisher":"https:\/\/www.facebook.com\/Bucharest21km\/","article_modified_time":"2026-04-24T06:48:30+00:00","og_image":[{"width":2334,"height":1754,"url":"https:\/\/www.bucuresti21km.ro\/media\/2012\/NICIODATA-SINGUR.jpeg","type":"image\/jpeg"}],"twitter_card":"summary_large_image","twitter_site":"@RunInBucharest","twitter_misc":{"Estimated reading time":"1 minute"},"schema":{"@context":"https:\/\/schema.org","@graph":[{"@type":"WebPage","@id":"https:\/\/www.bucuresti21km.ro\/asociatia-niciodata-singur-prietenii-varstnicilor\/","url":"https:\/\/www.bucuresti21km.ro\/asociatia-niciodata-singur-prietenii-varstnicilor\/","name":"Asociatia NICIODATA SINGUR prietenii varstnicilor - OMV Petrom Bucharest HALF MARATHON #RunInBucharest","isPartOf":{"@id":"https:\/\/www.bucuresti21km.ro\/#website"},"primaryImageOfPage":{"@id":"https:\/\/www.bucuresti21km.ro\/asociatia-niciodata-singur-prietenii-varstnicilor\/#primaryimage"},"image":{"@id":"https:\/\/www.bucuresti21km.ro\/asociatia-niciodata-singur-prietenii-varstnicilor\/#primaryimage"},"thumbnailUrl":"https:\/\/www.bucuresti21km.ro\/media\/2012\/NICIODATA-SINGUR-1024x770.jpeg","datePublished":"2026-04-24T06:45:55+00:00","dateModified":"2026-04-24T06:48:30+00:00","description":"\u00cen Rom\u00e2nia marcat\u0103 de pove\u0219tile triste ale b\u0103tr\u00e2niloruita\u021bi, neputincio\u0219i, trata\u021bi cu indiferen\u021b\u0103 \u0219i dispre\u021b, cepoart\u0103 pe umerii lor greut\u0103\u021bile t\u0103cute ale v\u00e2rstei,","breadcrumb":{"@id":"https:\/\/www.bucuresti21km.ro\/asociatia-niciodata-singur-prietenii-varstnicilor\/#breadcrumb"},"inLanguage":"en-GB","potentialAction":[{"@type":"ReadAction","target":["https:\/\/www.bucuresti21km.ro\/asociatia-niciodata-singur-prietenii-varstnicilor\/"]}]},{"@type":"ImageObject","inLanguage":"en-GB","@id":"https:\/\/www.bucuresti21km.ro\/asociatia-niciodata-singur-prietenii-varstnicilor\/#primaryimage","url":"https:\/\/www.bucuresti21km.ro\/media\/2012\/NICIODATA-SINGUR-1024x770.jpeg","contentUrl":"https:\/\/www.bucuresti21km.ro\/media\/2012\/NICIODATA-SINGUR-1024x770.jpeg"},{"@type":"BreadcrumbList","@id":"https:\/\/www.bucuresti21km.ro\/asociatia-niciodata-singur-prietenii-varstnicilor\/#breadcrumb","itemListElement":[{"@type":"ListItem","position":1,"name":"Home","item":"https:\/\/www.bucuresti21km.ro\/"},{"@type":"ListItem","position":2,"name":"Asociatia NICIODATA SINGUR prietenii varstnicilor"}]},{"@type":"WebSite","@id":"https:\/\/www.bucuresti21km.ro\/#website","url":"https:\/\/www.bucuresti21km.ro\/","name":"OMV Petrom Bucharest HALF MARATHON #RunInBucharest","description":"9-10 Mai 2026","publisher":{"@id":"https:\/\/www.bucuresti21km.ro\/#organization"},"potentialAction":[{"@type":"SearchAction","target":{"@type":"EntryPoint","urlTemplate":"https:\/\/www.bucuresti21km.ro\/?s={search_term_string}"},"query-input":{"@type":"PropertyValueSpecification","valueRequired":true,"valueName":"search_term_string"}}],"inLanguage":"en-GB"},{"@type":"Organization","@id":"https:\/\/www.bucuresti21km.ro\/#organization","name":"OMV Petrom Bucharest Half Marathon","url":"https:\/\/www.bucuresti21km.ro\/","logo":{"@type":"ImageObject","inLanguage":"en-GB","@id":"https:\/\/www.bucuresti21km.ro\/#\/schema\/logo\/image\/","url":"https:\/\/www.bucuresti21km.ro\/media\/2012\/cropped-opbhm_2021_logo.png","contentUrl":"https:\/\/www.bucuresti21km.ro\/media\/2012\/cropped-opbhm_2021_logo.png","width":2854,"height":595,"caption":"OMV Petrom Bucharest Half Marathon"},"image":{"@id":"https:\/\/www.bucuresti21km.ro\/#\/schema\/logo\/image\/"},"sameAs":["https:\/\/www.facebook.com\/Bucharest21km\/","https:\/\/x.com\/RunInBucharest","https:\/\/www.instagram.com\/runinbucharest\/","https:\/\/www.youtube.com\/channel\/UCzDKuV0tkMe5LSsImaDVt2g"]}]}},"_links":{"self":[{"href":"https:\/\/www.bucuresti21km.ro\/en\/wp-json\/wp\/v2\/pages\/9447","targetHints":{"allow":["GET"]}}],"collection":[{"href":"https:\/\/www.bucuresti21km.ro\/en\/wp-json\/wp\/v2\/pages"}],"about":[{"href":"https:\/\/www.bucuresti21km.ro\/en\/wp-json\/wp\/v2\/types\/page"}],"author":[{"embeddable":true,"href":"https:\/\/www.bucuresti21km.ro\/en\/wp-json\/wp\/v2\/users\/13"}],"replies":[{"embeddable":true,"href":"https:\/\/www.bucuresti21km.ro\/en\/wp-json\/wp\/v2\/comments?post=9447"}],"version-history":[{"count":7,"href":"https:\/\/www.bucuresti21km.ro\/en\/wp-json\/wp\/v2\/pages\/9447\/revisions"}],"predecessor-version":[{"id":9457,"href":"https:\/\/www.bucuresti21km.ro\/en\/wp-json\/wp\/v2\/pages\/9447\/revisions\/9457"}],"wp:attachment":[{"href":"https:\/\/www.bucuresti21km.ro\/en\/wp-json\/wp\/v2\/media?parent=9447"}],"curies":[{"name":"wp","href":"https:\/\/api.w.org\/{rel}","templated":true}]}}