{"id":6792,"date":"2021-04-24T10:41:45","date_gmt":"2021-04-24T10:41:45","guid":{"rendered":"https:\/\/www.bucuresti21km.ro\/?page_id=6792"},"modified":"2026-04-06T06:56:35","modified_gmt":"2026-04-06T06:56:35","slug":"asociatia-copii-pentru-viitor","status":"publish","type":"page","link":"https:\/\/www.bucuresti21km.ro\/en\/asociatia-copii-pentru-viitor\/","title":{"rendered":"Children for the Future"},"content":{"rendered":"<div data-elementor-type=\"wp-page\" data-elementor-id=\"6792\" class=\"elementor elementor-6792\" data-elementor-post-type=\"page\">\n\t\t\t\t\t\t<section class=\"elementor-section elementor-top-section elementor-element elementor-element-2a8bbe2 elementor-section-boxed elementor-section-height-default elementor-section-height-default\" data-id=\"2a8bbe2\" data-element_type=\"section\" data-e-type=\"section\">\n\t\t\t\t\t\t<div class=\"elementor-container elementor-column-gap-default\">\n\t\t\t\t\t<div class=\"elementor-column elementor-col-100 elementor-top-column elementor-element elementor-element-59681a2\" data-id=\"59681a2\" data-element_type=\"column\" data-e-type=\"column\">\n\t\t\t<div class=\"elementor-widget-wrap elementor-element-populated\">\n\t\t\t\t\t\t<div class=\"elementor-element elementor-element-b464948 elementor-widget elementor-widget-heading\" data-id=\"b464948\" data-element_type=\"widget\" data-e-type=\"widget\" data-widget_type=\"heading.default\">\n\t\t\t\t<div class=\"elementor-widget-container\">\n\t\t\t\t\t<h2 class=\"elementor-heading-title elementor-size-default\">Children for the Future <\/h2>\t\t\t\t<\/div>\n\t\t\t\t<\/div>\n\t\t\t\t<div class=\"elementor-element elementor-element-2ea546c elementor-widget elementor-widget-image\" data-id=\"2ea546c\" data-element_type=\"widget\" data-e-type=\"widget\" data-widget_type=\"image.default\">\n\t\t\t\t<div class=\"elementor-widget-container\">\n\t\t\t\t\t\t\t\t\t\t\t\t\t\t\t<img fetchpriority=\"high\" decoding=\"async\" width=\"1024\" height=\"576\" src=\"https:\/\/www.bucuresti21km.ro\/media\/2012\/visual-Asociatia-Copii-pentru-Viitor--1024x576.png\" class=\"attachment-large size-large wp-image-9398\" alt=\"\" srcset=\"https:\/\/www.bucuresti21km.ro\/media\/2012\/visual-Asociatia-Copii-pentru-Viitor--1024x576.png 1024w, https:\/\/www.bucuresti21km.ro\/media\/2012\/visual-Asociatia-Copii-pentru-Viitor--300x169.png 300w, https:\/\/www.bucuresti21km.ro\/media\/2012\/visual-Asociatia-Copii-pentru-Viitor--1536x864.png 1536w, https:\/\/www.bucuresti21km.ro\/media\/2012\/visual-Asociatia-Copii-pentru-Viitor--18x10.png 18w, https:\/\/www.bucuresti21km.ro\/media\/2012\/visual-Asociatia-Copii-pentru-Viitor-.png 1920w\" sizes=\"(max-width: 1024px) 100vw, 1024px\" \/>\t\t\t\t\t\t\t\t\t\t\t\t\t\t\t<\/div>\n\t\t\t\t<\/div>\n\t\t\t\t<div class=\"elementor-element elementor-element-aa6347b elementor-widget elementor-widget-text-editor\" data-id=\"aa6347b\" data-element_type=\"widget\" data-e-type=\"widget\" data-widget_type=\"text-editor.default\">\n\t\t\t\t<div class=\"elementor-widget-container\">\n\t\t\t\t\t\t\t\t\t<p class=\"translation-block\">Children for the Future Association is a non-governmental organization created out of the desire to improve the lives of children from at-risk environments, to offer them a chance at a better future, to encourage them to continue their education, to learn, explore, gain confidence, and grow.<\/p><p>Founded in 2016 in Lupeni, Hunedoara County, the organization has developed over the years various community engagement programs, supporting hundreds of people from vulnerable backgrounds across multiple counties. It contributes to reducing school dropout by providing essential resources for children to attend school, organizing workshops on personal development, financial education, media education, and ecology. The association also offers material support to dozens of individuals with health problems who cannot cover their expenses.<\/p><p class=\"translation-block\">The mission of the association is to improve quality of life and create a healthy and sustainable environment for future generations by reducing school dropout, promoting social and professional integration, providing psychological support, educational and career guidance, and reducing extreme poverty and food waste. Our main beneficiaries are children and young people from disadvantaged backgrounds and the social protection system.<\/p><p class=\"translation-block\">The vision of the association is to contribute to building a better future for children, especially those in vulnerable situations, by promoting education, protection, health, and development in a safe, sustainable, and equitable environment.<\/p><p class=\"translation-block\">The values promoted by the association are: equal opportunities, solidarity, social responsibility, respect for human dignity, educational innovation, and integrity.<\/p><p>Our main projects:<\/p><p><strong>Community Lunch<\/strong><\/p><p>This program combines social interaction, active learning, and food waste reduction. It is dedicated to children from disadvantaged backgrounds and elderly people with limited income. Volunteers, together with community members, cook hot meals and organize educational workshops and activities for children.<\/p><p><strong>Jiu Valley Community HUB<\/strong><\/p><p>In October 2024, with the support of our sponsors and partners, we opened the Jiu Valley Community HUB. This project supports people of all ages, especially children, teenagers, and youth, through non-formal education methods based on play and real-life experiences.<\/p><p><strong>I Go to High School! 2<\/strong><\/p><p>This project focuses on non-formal education and career guidance, supporting teenagers in their educational and social development. Started in March 2024, it involves 20 students and includes personal development, entrepreneurship, theatre techniques, art, creative workshops, and outdoor exploration.<\/p><p><strong>Simeria Educational Center<\/strong><\/p><p>Centrul Educa\u0163ional Simeria este \u00eenc\u0103 unul dintre proiectele pe termen lung dezvoltate de Asocia\u0163ia Copii pentru Viitor. Acesta a fost creat \u00een anul 2022 pentru a oferi sprijini pentru copii din Simeria \u00een a-\u015fi continua studiile, printr-o activitatea de tip after school. Proiectul a continuat \u015fi s-a dezvoltat \u015fi \u00een 2023, 2024, 2025 \u015fi 2026.<\/p><p>Currently, 16 children benefit from homework assistance, a hot meal, snacks, and educational and recreational activities in a welcoming environment at the Social Assistance Directorate in Simeria.<\/p><p><strong>Little Explorers Incubator<\/strong><\/p><p>An educational program for primary school children, designed to encourage learning, reading, discovery, creativity, and personal growth, helping them build a better future and successful careers.<\/p><p><strong>Supporting Children with Serious Illnesses at Marie Curie Hospital Bucharest<\/strong><\/p><p>Since March 2016, we have supported hospitalized children with serious illnesses by providing special diets, supplements, medication, hygiene products, clothing, and medical devices.<\/p><p>We also offer books, toys, and tablets to bring comfort and joy during hospitalization.<\/p><p>Every year, we aim to expand our projects and initiate new ones to support as many vulnerable people as possible. Our goal is to bring hope, smiles, and better living conditions to those in need\u2014but we need your help to do this.<\/p><p class=\"translation-block\">Funds raised through participation in the OMV Petrom Bucharest Half Marathon 2026, as well as those from previous editions, will support children from vulnerable backgrounds in continuing their education. Most funds will go to the Simeria Educational Center, helping children with homework, meals, and personal development activities.<\/p><p><strong>How you can support us:<\/strong><\/p><ul><li class=\"translation-block\">\u2022\tSupport Children for the Future Association at the marathon and encourage others to join<\/li><li>\u2022\tBecome a volunteer<\/li><li>\u2022\tRedirect 3.5% of your income tax<\/li><li>\u2022\tRedirect 20% of your company\u2019s profit tax<\/li><li>\u2022\tSponsor through your company<\/li><li>\u2022\tEncourage friends, colleagues, or employees to get involved<\/li><\/ul><p>Learn more about us on our website or follow us on social media.\u00a0<a href=\"https:\/\/copiipentruviitor.ro\/\">https:\/\/copiipentruviitor.ro\/<\/a>, sau ne poti urm\u0103ri pe Facebook (<a href=\"https:\/\/www.facebook.com\/asociatiacopiipentruviitor\">https:\/\/www.facebook.com\/asociatiacopiipentruviitor<\/a>), Instagram (<a href=\"https:\/\/www.instagram.com\/asociatiacopiipentruviitor\/\">https:\/\/www.instagram.com\/asociatiacopiipentruviitor<\/a>) \u015fi Linkedin (<a href=\"https:\/\/www.linkedin.com\/company\/asociatia-copii-pentru-viitor\/\">https:\/\/www.linkedin.com\/company\/asociatia-copii-pentru-viitor<\/a>).<\/p><p class=\"translation-block\">Run with the Children for the Future team to give children and youth from vulnerable backgrounds a chance at education and a better future! Let\u2019s run together to reduce school dropout!<\/p>\t\t\t\t\t\t\t\t<\/div>\n\t\t\t\t<\/div>\n\t\t\t\t\t<\/div>\n\t\t<\/div>\n\t\t\t\t\t<\/div>\n\t\t<\/section>\n\t\t\t\t<\/div>","protected":false},"excerpt":{"rendered":"<p>ASOCIATIA COPII PENTRU VIITOR Asocia\u0163ia Copii pentru Viitor\u00a0este o organiza\u0163ie non-guvernamental\u0103 creat\u0103 din dorin\u0163a de a schimba \u00een bine soarta copiilor din medii de risc, din dorin\u0163a de a le oferi acestora \u015fansa la un viitor mai bun, de a-i \u00eencuraja pe ace\u015ftia s\u0103-\u015fi continue studiile, s\u0103 \u00eenve\u0163e, s\u0103 descopere, s\u0103 aib\u0103 mai mult\u0103 \u00eencredere&hellip;&nbsp;<a href=\"https:\/\/www.bucuresti21km.ro\/en\/asociatia-copii-pentru-viitor\/\" rel=\"bookmark\">Read More &raquo;<span class=\"screen-reader-text\">Children for the Future<\/span><\/a><\/p>","protected":false},"author":13,"featured_media":0,"parent":0,"menu_order":0,"comment_status":"closed","ping_status":"closed","template":"page-templates\/template-pagebuilder-full-width.php","meta":{"_monsterinsights_skip_tracking":false,"_monsterinsights_sitenote_active":false,"_monsterinsights_sitenote_note":"","_monsterinsights_sitenote_category":0,"neve_meta_sidebar":"","neve_meta_container":"","neve_meta_enable_content_width":"off","neve_meta_content_width":100,"neve_meta_title_alignment":"","neve_meta_author_avatar":"","neve_post_elements_order":"","neve_meta_disable_header":"","neve_meta_disable_footer":"","neve_meta_disable_title":"on","neve_meta_reading_time":"","_themeisle_gutenberg_block_has_review":false,"footnotes":""},"class_list":["post-6792","page","type-page","status-publish","hentry"],"yoast_head":"<!-- This site is optimized with the Yoast SEO plugin v27.4 - https:\/\/yoast.com\/product\/yoast-seo-wordpress\/ -->\n<title>ASOCIATIA COPII PENTRU VIITOR - OMV Petrom Bucharest HALF MARATHON #RunInBucharest<\/title>\n<meta name=\"description\" content=\"Asocia\u021bia \u201cCopii pentru Viitor\u201d a luat fiin\u021b\u0103 \u00een anul 2016, \u00een Lupeni, jude\u021bul Hunedoara, la initiativa unui grup de voluntari inimosi si foarte implicati in viata comunitatii locale.\" \/>\n<meta name=\"robots\" content=\"index, follow, max-snippet:-1, max-image-preview:large, max-video-preview:-1\" \/>\n<link rel=\"canonical\" href=\"https:\/\/www.bucuresti21km.ro\/en\/asociatia-copii-pentru-viitor\/\" \/>\n<meta property=\"og:locale\" content=\"en_GB\" \/>\n<meta property=\"og:type\" content=\"article\" \/>\n<meta property=\"og:title\" content=\"ASOCIATIA COPII PENTRU VIITOR - OMV Petrom Bucharest HALF MARATHON #RunInBucharest\" \/>\n<meta property=\"og:description\" content=\"Asocia\u021bia \u201cCopii pentru Viitor\u201d a luat fiin\u021b\u0103 \u00een anul 2016, \u00een Lupeni, jude\u021bul Hunedoara, la initiativa unui grup de voluntari inimosi si foarte implicati in viata comunitatii locale.\" \/>\n<meta property=\"og:url\" content=\"https:\/\/www.bucuresti21km.ro\/en\/asociatia-copii-pentru-viitor\/\" \/>\n<meta property=\"og:site_name\" content=\"OMV Petrom Bucharest HALF MARATHON #RunInBucharest\" \/>\n<meta property=\"article:publisher\" content=\"https:\/\/www.facebook.com\/Bucharest21km\/\" \/>\n<meta property=\"article:modified_time\" content=\"2026-04-06T06:56:35+00:00\" \/>\n<meta property=\"og:image\" content=\"https:\/\/www.bucuresti21km.ro\/media\/2012\/visual-Asociatia-Copii-pentru-Viitor-.png\" \/>\n\t<meta property=\"og:image:width\" content=\"1920\" \/>\n\t<meta property=\"og:image:height\" content=\"1080\" \/>\n\t<meta property=\"og:image:type\" content=\"image\/png\" \/>\n<meta name=\"twitter:card\" content=\"summary_large_image\" \/>\n<meta name=\"twitter:site\" content=\"@RunInBucharest\" \/>\n<meta name=\"twitter:label1\" content=\"Estimated reading time\" \/>\n\t<meta name=\"twitter:data1\" content=\"6 minutes\" \/>\n<script type=\"application\/ld+json\" class=\"yoast-schema-graph\">{\"@context\":\"https:\\\/\\\/schema.org\",\"@graph\":[{\"@type\":\"WebPage\",\"@id\":\"https:\\\/\\\/www.bucuresti21km.ro\\\/asociatia-copii-pentru-viitor\\\/\",\"url\":\"https:\\\/\\\/www.bucuresti21km.ro\\\/asociatia-copii-pentru-viitor\\\/\",\"name\":\"ASOCIATIA COPII PENTRU VIITOR - OMV Petrom Bucharest HALF MARATHON #RunInBucharest\",\"isPartOf\":{\"@id\":\"https:\\\/\\\/www.bucuresti21km.ro\\\/#website\"},\"primaryImageOfPage\":{\"@id\":\"https:\\\/\\\/www.bucuresti21km.ro\\\/asociatia-copii-pentru-viitor\\\/#primaryimage\"},\"image\":{\"@id\":\"https:\\\/\\\/www.bucuresti21km.ro\\\/asociatia-copii-pentru-viitor\\\/#primaryimage\"},\"thumbnailUrl\":\"https:\\\/\\\/www.bucuresti21km.ro\\\/media\\\/2012\\\/visual-Asociatia-Copii-pentru-Viitor--1024x576.png\",\"datePublished\":\"2021-04-24T10:41:45+00:00\",\"dateModified\":\"2026-04-06T06:56:35+00:00\",\"description\":\"Asocia\u021bia \u201cCopii pentru Viitor\u201d a luat fiin\u021b\u0103 \u00een anul 2016, \u00een Lupeni, jude\u021bul Hunedoara, la initiativa unui grup de voluntari inimosi si foarte implicati in viata comunitatii locale.\",\"breadcrumb\":{\"@id\":\"https:\\\/\\\/www.bucuresti21km.ro\\\/asociatia-copii-pentru-viitor\\\/#breadcrumb\"},\"inLanguage\":\"en-GB\",\"potentialAction\":[{\"@type\":\"ReadAction\",\"target\":[\"https:\\\/\\\/www.bucuresti21km.ro\\\/asociatia-copii-pentru-viitor\\\/\"]}]},{\"@type\":\"ImageObject\",\"inLanguage\":\"en-GB\",\"@id\":\"https:\\\/\\\/www.bucuresti21km.ro\\\/asociatia-copii-pentru-viitor\\\/#primaryimage\",\"url\":\"https:\\\/\\\/www.bucuresti21km.ro\\\/media\\\/2012\\\/visual-Asociatia-Copii-pentru-Viitor--1024x576.png\",\"contentUrl\":\"https:\\\/\\\/www.bucuresti21km.ro\\\/media\\\/2012\\\/visual-Asociatia-Copii-pentru-Viitor--1024x576.png\"},{\"@type\":\"BreadcrumbList\",\"@id\":\"https:\\\/\\\/www.bucuresti21km.ro\\\/asociatia-copii-pentru-viitor\\\/#breadcrumb\",\"itemListElement\":[{\"@type\":\"ListItem\",\"position\":1,\"name\":\"Home\",\"item\":\"https:\\\/\\\/www.bucuresti21km.ro\\\/\"},{\"@type\":\"ListItem\",\"position\":2,\"name\":\"ASOCIATIA COPII PENTRU VIITOR\"}]},{\"@type\":\"WebSite\",\"@id\":\"https:\\\/\\\/www.bucuresti21km.ro\\\/#website\",\"url\":\"https:\\\/\\\/www.bucuresti21km.ro\\\/\",\"name\":\"OMV Petrom Bucharest HALF MARATHON #RunInBucharest\",\"description\":\"9-10 Mai 2026\",\"publisher\":{\"@id\":\"https:\\\/\\\/www.bucuresti21km.ro\\\/#organization\"},\"potentialAction\":[{\"@type\":\"SearchAction\",\"target\":{\"@type\":\"EntryPoint\",\"urlTemplate\":\"https:\\\/\\\/www.bucuresti21km.ro\\\/?s={search_term_string}\"},\"query-input\":{\"@type\":\"PropertyValueSpecification\",\"valueRequired\":true,\"valueName\":\"search_term_string\"}}],\"inLanguage\":\"en-GB\"},{\"@type\":\"Organization\",\"@id\":\"https:\\\/\\\/www.bucuresti21km.ro\\\/#organization\",\"name\":\"OMV Petrom Bucharest Half Marathon\",\"url\":\"https:\\\/\\\/www.bucuresti21km.ro\\\/\",\"logo\":{\"@type\":\"ImageObject\",\"inLanguage\":\"en-GB\",\"@id\":\"https:\\\/\\\/www.bucuresti21km.ro\\\/#\\\/schema\\\/logo\\\/image\\\/\",\"url\":\"https:\\\/\\\/www.bucuresti21km.ro\\\/media\\\/2012\\\/cropped-opbhm_2021_logo.png\",\"contentUrl\":\"https:\\\/\\\/www.bucuresti21km.ro\\\/media\\\/2012\\\/cropped-opbhm_2021_logo.png\",\"width\":2854,\"height\":595,\"caption\":\"OMV Petrom Bucharest Half Marathon\"},\"image\":{\"@id\":\"https:\\\/\\\/www.bucuresti21km.ro\\\/#\\\/schema\\\/logo\\\/image\\\/\"},\"sameAs\":[\"https:\\\/\\\/www.facebook.com\\\/Bucharest21km\\\/\",\"https:\\\/\\\/x.com\\\/RunInBucharest\",\"https:\\\/\\\/www.instagram.com\\\/runinbucharest\\\/\",\"https:\\\/\\\/www.youtube.com\\\/channel\\\/UCzDKuV0tkMe5LSsImaDVt2g\"]}]}<\/script>\n<!-- \/ Yoast SEO plugin. -->","yoast_head_json":{"title":"ASOCIATIA COPII PENTRU VIITOR - OMV Petrom Bucharest HALF MARATHON #RunInBucharest","description":"Asocia\u021bia \u201cCopii pentru Viitor\u201d a luat fiin\u021b\u0103 \u00een anul 2016, \u00een Lupeni, jude\u021bul Hunedoara, la initiativa unui grup de voluntari inimosi si foarte implicati in viata comunitatii locale.","robots":{"index":"index","follow":"follow","max-snippet":"max-snippet:-1","max-image-preview":"max-image-preview:large","max-video-preview":"max-video-preview:-1"},"canonical":"https:\/\/www.bucuresti21km.ro\/en\/asociatia-copii-pentru-viitor\/","og_locale":"en_GB","og_type":"article","og_title":"ASOCIATIA COPII PENTRU VIITOR - OMV Petrom Bucharest HALF MARATHON #RunInBucharest","og_description":"Asocia\u021bia \u201cCopii pentru Viitor\u201d a luat fiin\u021b\u0103 \u00een anul 2016, \u00een Lupeni, jude\u021bul Hunedoara, la initiativa unui grup de voluntari inimosi si foarte implicati in viata comunitatii locale.","og_url":"https:\/\/www.bucuresti21km.ro\/en\/asociatia-copii-pentru-viitor\/","og_site_name":"OMV Petrom Bucharest HALF MARATHON #RunInBucharest","article_publisher":"https:\/\/www.facebook.com\/Bucharest21km\/","article_modified_time":"2026-04-06T06:56:35+00:00","og_image":[{"width":1920,"height":1080,"url":"https:\/\/www.bucuresti21km.ro\/media\/2012\/visual-Asociatia-Copii-pentru-Viitor-.png","type":"image\/png"}],"twitter_card":"summary_large_image","twitter_site":"@RunInBucharest","twitter_misc":{"Estimated reading time":"6 minutes"},"schema":{"@context":"https:\/\/schema.org","@graph":[{"@type":"WebPage","@id":"https:\/\/www.bucuresti21km.ro\/asociatia-copii-pentru-viitor\/","url":"https:\/\/www.bucuresti21km.ro\/asociatia-copii-pentru-viitor\/","name":"ASOCIATIA COPII PENTRU VIITOR - OMV Petrom Bucharest HALF MARATHON #RunInBucharest","isPartOf":{"@id":"https:\/\/www.bucuresti21km.ro\/#website"},"primaryImageOfPage":{"@id":"https:\/\/www.bucuresti21km.ro\/asociatia-copii-pentru-viitor\/#primaryimage"},"image":{"@id":"https:\/\/www.bucuresti21km.ro\/asociatia-copii-pentru-viitor\/#primaryimage"},"thumbnailUrl":"https:\/\/www.bucuresti21km.ro\/media\/2012\/visual-Asociatia-Copii-pentru-Viitor--1024x576.png","datePublished":"2021-04-24T10:41:45+00:00","dateModified":"2026-04-06T06:56:35+00:00","description":"Asocia\u021bia \u201cCopii pentru Viitor\u201d a luat fiin\u021b\u0103 \u00een anul 2016, \u00een Lupeni, jude\u021bul Hunedoara, la initiativa unui grup de voluntari inimosi si foarte implicati in viata comunitatii locale.","breadcrumb":{"@id":"https:\/\/www.bucuresti21km.ro\/asociatia-copii-pentru-viitor\/#breadcrumb"},"inLanguage":"en-GB","potentialAction":[{"@type":"ReadAction","target":["https:\/\/www.bucuresti21km.ro\/asociatia-copii-pentru-viitor\/"]}]},{"@type":"ImageObject","inLanguage":"en-GB","@id":"https:\/\/www.bucuresti21km.ro\/asociatia-copii-pentru-viitor\/#primaryimage","url":"https:\/\/www.bucuresti21km.ro\/media\/2012\/visual-Asociatia-Copii-pentru-Viitor--1024x576.png","contentUrl":"https:\/\/www.bucuresti21km.ro\/media\/2012\/visual-Asociatia-Copii-pentru-Viitor--1024x576.png"},{"@type":"BreadcrumbList","@id":"https:\/\/www.bucuresti21km.ro\/asociatia-copii-pentru-viitor\/#breadcrumb","itemListElement":[{"@type":"ListItem","position":1,"name":"Home","item":"https:\/\/www.bucuresti21km.ro\/"},{"@type":"ListItem","position":2,"name":"ASOCIATIA COPII PENTRU VIITOR"}]},{"@type":"WebSite","@id":"https:\/\/www.bucuresti21km.ro\/#website","url":"https:\/\/www.bucuresti21km.ro\/","name":"OMV Petrom Bucharest HALF MARATHON #RunInBucharest","description":"9-10 Mai 2026","publisher":{"@id":"https:\/\/www.bucuresti21km.ro\/#organization"},"potentialAction":[{"@type":"SearchAction","target":{"@type":"EntryPoint","urlTemplate":"https:\/\/www.bucuresti21km.ro\/?s={search_term_string}"},"query-input":{"@type":"PropertyValueSpecification","valueRequired":true,"valueName":"search_term_string"}}],"inLanguage":"en-GB"},{"@type":"Organization","@id":"https:\/\/www.bucuresti21km.ro\/#organization","name":"OMV Petrom Bucharest Half Marathon","url":"https:\/\/www.bucuresti21km.ro\/","logo":{"@type":"ImageObject","inLanguage":"en-GB","@id":"https:\/\/www.bucuresti21km.ro\/#\/schema\/logo\/image\/","url":"https:\/\/www.bucuresti21km.ro\/media\/2012\/cropped-opbhm_2021_logo.png","contentUrl":"https:\/\/www.bucuresti21km.ro\/media\/2012\/cropped-opbhm_2021_logo.png","width":2854,"height":595,"caption":"OMV Petrom Bucharest Half Marathon"},"image":{"@id":"https:\/\/www.bucuresti21km.ro\/#\/schema\/logo\/image\/"},"sameAs":["https:\/\/www.facebook.com\/Bucharest21km\/","https:\/\/x.com\/RunInBucharest","https:\/\/www.instagram.com\/runinbucharest\/","https:\/\/www.youtube.com\/channel\/UCzDKuV0tkMe5LSsImaDVt2g"]}]}},"_links":{"self":[{"href":"https:\/\/www.bucuresti21km.ro\/en\/wp-json\/wp\/v2\/pages\/6792","targetHints":{"allow":["GET"]}}],"collection":[{"href":"https:\/\/www.bucuresti21km.ro\/en\/wp-json\/wp\/v2\/pages"}],"about":[{"href":"https:\/\/www.bucuresti21km.ro\/en\/wp-json\/wp\/v2\/types\/page"}],"author":[{"embeddable":true,"href":"https:\/\/www.bucuresti21km.ro\/en\/wp-json\/wp\/v2\/users\/13"}],"replies":[{"embeddable":true,"href":"https:\/\/www.bucuresti21km.ro\/en\/wp-json\/wp\/v2\/comments?post=6792"}],"version-history":[{"count":14,"href":"https:\/\/www.bucuresti21km.ro\/en\/wp-json\/wp\/v2\/pages\/6792\/revisions"}],"predecessor-version":[{"id":9401,"href":"https:\/\/www.bucuresti21km.ro\/en\/wp-json\/wp\/v2\/pages\/6792\/revisions\/9401"}],"wp:attachment":[{"href":"https:\/\/www.bucuresti21km.ro\/en\/wp-json\/wp\/v2\/media?parent=6792"}],"curies":[{"name":"wp","href":"https:\/\/api.w.org\/{rel}","templated":true}]}}