{"id":2210,"date":"2016-02-04T10:59:07","date_gmt":"2016-02-04T10:59:07","guid":{"rendered":"http:\/\/www.bucuresti21km.ro\/?page_id=2210"},"modified":"2026-03-18T15:21:52","modified_gmt":"2026-03-18T15:21:52","slug":"hospice-2","status":"publish","type":"page","link":"https:\/\/www.bucuresti21km.ro\/en\/hospice-2\/","title":{"rendered":"HOSPICE Casa\u00a0Sperantei"},"content":{"rendered":"<div data-elementor-type=\"wp-page\" data-elementor-id=\"2210\" class=\"elementor elementor-2210\" data-elementor-post-type=\"page\">\n\t\t\t\t\t\t<section class=\"elementor-section elementor-top-section elementor-element elementor-element-5e29564e elementor-section-boxed elementor-section-height-default elementor-section-height-default\" data-id=\"5e29564e\" data-element_type=\"section\" data-e-type=\"section\">\n\t\t\t\t\t\t<div class=\"elementor-container elementor-column-gap-default\">\n\t\t\t\t\t<div class=\"elementor-column elementor-col-100 elementor-top-column elementor-element elementor-element-43551947\" data-id=\"43551947\" data-element_type=\"column\" data-e-type=\"column\">\n\t\t\t<div class=\"elementor-widget-wrap elementor-element-populated\">\n\t\t\t\t\t\t<div class=\"elementor-element elementor-element-10f3e3d elementor-widget elementor-widget-image\" data-id=\"10f3e3d\" data-element_type=\"widget\" data-e-type=\"widget\" data-widget_type=\"image.default\">\n\t\t\t\t<div class=\"elementor-widget-container\">\n\t\t\t\t\t\t\t\t\t\t\t\t\t\t\t<img fetchpriority=\"high\" decoding=\"async\" width=\"505\" height=\"156\" src=\"https:\/\/www.bucuresti21km.ro\/media\/2012\/hospice-1.jpg\" class=\"attachment-large size-large wp-image-6782\" alt=\"\" srcset=\"https:\/\/www.bucuresti21km.ro\/media\/2012\/hospice-1.jpg 505w, https:\/\/www.bucuresti21km.ro\/media\/2012\/hospice-1-300x93.jpg 300w, https:\/\/www.bucuresti21km.ro\/media\/2012\/hospice-1-18x6.jpg 18w\" sizes=\"(max-width: 505px) 100vw, 505px\" \/>\t\t\t\t\t\t\t\t\t\t\t\t\t\t\t<\/div>\n\t\t\t\t<\/div>\n\t\t\t\t<div class=\"elementor-element elementor-element-16a1b8c elementor-widget elementor-widget-text-editor\" data-id=\"16a1b8c\" data-element_type=\"widget\" data-e-type=\"widget\" data-widget_type=\"text-editor.default\">\n\t\t\t\t<div class=\"elementor-widget-container\">\n\t\t\t\t\t\t\t\t\t<p><!--:--><\/p><p><!--:ro--><\/p><p><strong>Run for HOPE!<\/strong><\/p><p>Fii parte din #TeamHOSPICE pe 9 \u0219i 10 mai la OMV Petrom Bucharest HALF MARATHON 2026.<\/p><p>Alearg\u0103 pentru copiii cu boli incurabile care au nevoie de #SpitalulSperantei. Fiecare pas ne aduce mai aproape de construc\u021bia spitalul de \u00eengrijire paliativ\u0103 pediatric\u0103, langa Bucuresti la Aduna\u021bii-Cop\u0103ceni, unde am demarat lucr\u0103rile in octombrie 2025.<\/p><p>\u00cen ultimii 34 de ani, HOSPICE Casa Speran\u021bei a oferit suport gratuit \u0219i necondi\u021bionat pentru peste 60.000 de pacien\u021bi, copii \u0219i adul\u021bi cu boli incurabile, limitatoare de viata dar \u0219i pentru peste 120.000 de apar\u021bin\u0103tori. Pentru c\u0103 fiecare bolnav merit\u0103 alinare, facem tot posibilul s\u0103 fim aproape de c\u00e2t mai mul\u021bi pacien\u021bi \u0219i familiile lor.<\/p><p><strong>Be on #TeamHOSPICE!<\/strong><\/p><p>\u00censcrie-te la una dintre curse pe\u00a0<a href=\"https:\/\/team.hospice.ro\/evenimente\/semimaraton-bucuresti-2026\/\">Semimaraton Bucuresti 2026 : Team Hospice<\/a>. D\u0103-le de veste prietenilor t\u0103i \u0219i roag\u0103-i s\u0103 te sus\u021bin\u0103. Cu ajutorul vostru, \u00eengrijirea paliativ\u0103 continu\u0103 s\u0103 aduc\u0103 alinare \u0219i demnitate \u00een vie\u021bile celor \u00eencerca\u021bi.<\/p><p class=\"translation-block\">Visit http:\/\/team.hospice.ro\/ or follow us on our social media pages to see how you can be part of the largest community of runners in Romania supporting a humanitarian cause.<\/p><p>We look forward to seeing you at the HOSPICE tent in Constitution Square on race day to take big steps together for hope.<\/p><p>Pentru orice informa\u021bie despre competi\u021bie \u0219i modalit\u0103\u021bile de participare \u0219i de sus\u021binere, ne po\u021bi contacta prin e-mail la\u00a0<a href=\"mailto:eduard.miclescu@hospice.ro\">eduard.miclescu@hospice.ro<\/a> sau la num\u0103rul de telefon 0799 400 043.<\/p><p><!--:--><\/p>\t\t\t\t\t\t\t\t<\/div>\n\t\t\t\t<\/div>\n\t\t\t\t\t<\/div>\n\t\t<\/div>\n\t\t\t\t\t<\/div>\n\t\t<\/section>\n\t\t\t\t<section class=\"elementor-section elementor-top-section elementor-element elementor-element-25b656e8 elementor-section-boxed elementor-section-height-default elementor-section-height-default\" data-id=\"25b656e8\" data-element_type=\"section\" data-e-type=\"section\">\n\t\t\t\t\t\t<div class=\"elementor-container elementor-column-gap-default\">\n\t\t\t\t\t<div class=\"elementor-column elementor-col-25 elementor-top-column elementor-element elementor-element-6dc6125\" data-id=\"6dc6125\" data-element_type=\"column\" data-e-type=\"column\">\n\t\t\t<div class=\"elementor-widget-wrap elementor-element-populated\">\n\t\t\t\t\t\t<div class=\"elementor-element elementor-element-209da53f elementor-widget elementor-widget-image\" data-id=\"209da53f\" data-element_type=\"widget\" data-e-type=\"widget\" data-widget_type=\"image.default\">\n\t\t\t\t<div class=\"elementor-widget-container\">\n\t\t\t\t\t\t\t\t\t\t\t\t\t\t\t\t<a href=\"http:\/\/www.bucharest-marathon.com\">\n\t\t\t\t\t\t\t<img decoding=\"async\" width=\"150\" height=\"150\" data-src=\"https:\/\/www.bucuresti21km.ro\/media\/2012\/raiffeisen_bucharest_marathon_300px-1-150x150.png\" class=\"attachment-thumbnail size-thumbnail wp-image-4247 lazyload\" alt=\"Raiffeisen Bank Bucharest Marathon\" data-srcset=\"https:\/\/www.bucuresti21km.ro\/media\/2012\/raiffeisen_bucharest_marathon_300px-1-150x150.png 150w, https:\/\/www.bucuresti21km.ro\/media\/2012\/raiffeisen_bucharest_marathon_300px-1.png 300w, https:\/\/www.bucuresti21km.ro\/media\/2012\/raiffeisen_bucharest_marathon_300px-1-12x12.png 12w\" data-sizes=\"(max-width: 150px) 100vw, 150px\" src=\"data:image\/svg+xml;base64,PHN2ZyB3aWR0aD0iMSIgaGVpZ2h0PSIxIiB4bWxucz0iaHR0cDovL3d3dy53My5vcmcvMjAwMC9zdmciPjwvc3ZnPg==\" style=\"--smush-placeholder-width: 150px; --smush-placeholder-aspect-ratio: 150\/150;\" \/>\t\t\t\t\t\t\t\t<\/a>\n\t\t\t\t\t\t\t\t\t\t\t\t\t\t\t<\/div>\n\t\t\t\t<\/div>\n\t\t\t\t\t<\/div>\n\t\t<\/div>\n\t\t\t\t<div class=\"elementor-column elementor-col-25 elementor-top-column elementor-element elementor-element-11be4db0\" data-id=\"11be4db0\" data-element_type=\"column\" data-e-type=\"column\">\n\t\t\t<div class=\"elementor-widget-wrap elementor-element-populated\">\n\t\t\t\t\t\t<div class=\"elementor-element elementor-element-fc38be1 elementor-widget elementor-widget-image\" data-id=\"fc38be1\" data-element_type=\"widget\" data-e-type=\"widget\" data-widget_type=\"image.default\">\n\t\t\t\t<div class=\"elementor-widget-container\">\n\t\t\t\t\t\t\t\t\t\t\t\t\t\t\t\t<a href=\"http:\/\/www.voluntarinsport.ro\">\n\t\t\t\t\t\t\t<img decoding=\"async\" width=\"150\" height=\"150\" data-src=\"https:\/\/www.bucuresti21km.ro\/media\/2012\/vis2_300_x_300-150x150.png\" class=\"attachment-thumbnail size-thumbnail wp-image-4250 lazyload\" alt=\"\" data-srcset=\"https:\/\/www.bucuresti21km.ro\/media\/2012\/vis2_300_x_300-150x150.png 150w, https:\/\/www.bucuresti21km.ro\/media\/2012\/vis2_300_x_300.png 300w\" data-sizes=\"(max-width: 150px) 100vw, 150px\" src=\"data:image\/svg+xml;base64,PHN2ZyB3aWR0aD0iMSIgaGVpZ2h0PSIxIiB4bWxucz0iaHR0cDovL3d3dy53My5vcmcvMjAwMC9zdmciPjwvc3ZnPg==\" style=\"--smush-placeholder-width: 150px; --smush-placeholder-aspect-ratio: 150\/150;\" \/>\t\t\t\t\t\t\t\t<\/a>\n\t\t\t\t\t\t\t\t\t\t\t\t\t\t\t<\/div>\n\t\t\t\t<\/div>\n\t\t\t\t\t<\/div>\n\t\t<\/div>\n\t\t\t\t<div class=\"elementor-column elementor-col-25 elementor-top-column elementor-element elementor-element-5c860db8\" data-id=\"5c860db8\" data-element_type=\"column\" data-e-type=\"column\">\n\t\t\t<div class=\"elementor-widget-wrap elementor-element-populated\">\n\t\t\t\t\t\t<div class=\"elementor-element elementor-element-470ec318 elementor-widget elementor-widget-image\" data-id=\"470ec318\" data-element_type=\"widget\" data-e-type=\"widget\" data-widget_type=\"image.default\">\n\t\t\t\t<div class=\"elementor-widget-container\">\n\t\t\t\t\t\t\t\t\t\t\t\t\t\t\t\t<a href=\"http:\/\/www.runinbucharest.com\">\n\t\t\t\t\t\t\t<img decoding=\"async\" width=\"150\" height=\"150\" data-src=\"https:\/\/www.bucuresti21km.ro\/media\/2012\/rib_300_x_300-150x150.png\" class=\"attachment-thumbnail size-thumbnail wp-image-4290 lazyload\" alt=\"\" data-srcset=\"https:\/\/www.bucuresti21km.ro\/media\/2012\/rib_300_x_300-150x150.png 150w, https:\/\/www.bucuresti21km.ro\/media\/2012\/rib_300_x_300.png 300w\" data-sizes=\"(max-width: 150px) 100vw, 150px\" src=\"data:image\/svg+xml;base64,PHN2ZyB3aWR0aD0iMSIgaGVpZ2h0PSIxIiB4bWxucz0iaHR0cDovL3d3dy53My5vcmcvMjAwMC9zdmciPjwvc3ZnPg==\" style=\"--smush-placeholder-width: 150px; --smush-placeholder-aspect-ratio: 150\/150;\" \/>\t\t\t\t\t\t\t\t<\/a>\n\t\t\t\t\t\t\t\t\t\t\t\t\t\t\t<\/div>\n\t\t\t\t<\/div>\n\t\t\t\t\t<\/div>\n\t\t<\/div>\n\t\t\t\t<div class=\"elementor-column elementor-col-25 elementor-top-column elementor-element elementor-element-13c6d727\" data-id=\"13c6d727\" data-element_type=\"column\" data-e-type=\"column\">\n\t\t\t<div class=\"elementor-widget-wrap elementor-element-populated\">\n\t\t\t\t\t\t<div class=\"elementor-element elementor-element-e627bf3 elementor-widget elementor-widget-image\" data-id=\"e627bf3\" data-element_type=\"widget\" data-e-type=\"widget\" data-widget_type=\"image.default\">\n\t\t\t\t<div class=\"elementor-widget-container\">\n\t\t\t\t\t\t\t\t\t\t\t\t\t\t\t\t<a href=\"http:\/\/www.photorun.ro\">\n\t\t\t\t\t\t\t<img decoding=\"async\" width=\"150\" height=\"150\" data-src=\"https:\/\/www.bucuresti21km.ro\/media\/2012\/photorun2_300_x_300-150x150.png\" class=\"attachment-thumbnail size-thumbnail wp-image-4249 lazyload\" alt=\"\" data-srcset=\"https:\/\/www.bucuresti21km.ro\/media\/2012\/photorun2_300_x_300-150x150.png 150w, https:\/\/www.bucuresti21km.ro\/media\/2012\/photorun2_300_x_300.png 300w\" data-sizes=\"(max-width: 150px) 100vw, 150px\" src=\"data:image\/svg+xml;base64,PHN2ZyB3aWR0aD0iMSIgaGVpZ2h0PSIxIiB4bWxucz0iaHR0cDovL3d3dy53My5vcmcvMjAwMC9zdmciPjwvc3ZnPg==\" style=\"--smush-placeholder-width: 150px; --smush-placeholder-aspect-ratio: 150\/150;\" \/>\t\t\t\t\t\t\t\t<\/a>\n\t\t\t\t\t\t\t\t\t\t\t\t\t\t\t<\/div>\n\t\t\t\t<\/div>\n\t\t\t\t\t<\/div>\n\t\t<\/div>\n\t\t\t\t\t<\/div>\n\t\t<\/section>\n\t\t\t\t<\/div>","protected":false},"excerpt":{"rendered":"<p>Alearg\u0103 pentru SPERAN\u021a\u0102! Fii parte din #TeamHOSPICE pe 9 \u0219i 10 mai la OMV Petrom Bucharest HALF MARATHON 2026. Alearg\u0103 pentru copiii cu boli incurabile care au nevoie de #SpitalulSperantei. Fiecare pas ne aduce mai aproape de construc\u021bia spitalul de \u00eengrijire paliativ\u0103 pediatric\u0103, langa Bucuresti la Aduna\u021bii-Cop\u0103ceni, unde am demarat lucr\u0103rile in octombrie 2025. \u00cen&hellip;&nbsp;<a href=\"https:\/\/www.bucuresti21km.ro\/en\/hospice-2\/\" rel=\"bookmark\">Read More &raquo;<span class=\"screen-reader-text\">HOSPICE Casa\u00a0Sperantei<\/span><\/a><\/p>","protected":false},"author":13,"featured_media":0,"parent":0,"menu_order":0,"comment_status":"closed","ping_status":"closed","template":"","meta":{"_monsterinsights_skip_tracking":false,"_monsterinsights_sitenote_active":false,"_monsterinsights_sitenote_note":"","_monsterinsights_sitenote_category":0,"neve_meta_sidebar":"","neve_meta_container":"","neve_meta_enable_content_width":"","neve_meta_content_width":0,"neve_meta_title_alignment":"","neve_meta_author_avatar":"","neve_post_elements_order":"","neve_meta_disable_header":"","neve_meta_disable_footer":"","neve_meta_disable_title":"on","neve_meta_reading_time":"","_themeisle_gutenberg_block_has_review":false,"footnotes":""},"class_list":["post-2210","page","type-page","status-publish","hentry"],"yoast_head":"<!-- This site is optimized with the Yoast SEO plugin v27.4 - https:\/\/yoast.com\/product\/yoast-seo-wordpress\/ -->\n<title>HOSPICE Casa\u00a0Sperantei - OMV Petrom Bucharest HALF MARATHON #RunInBucharest<\/title>\n<meta name=\"description\" content=\"Alearg\u0103 pentru pacien\u021bii HOSPICE Casa Speran\u021bei la Semimaratonul Bucure\u0219ti 2018! Al\u0103tur\u0103-te echipeinoastre pe 9 si 10 mai 2020 \u0219i ajut\u0103-i pe copiii \u0219i adul\u021bii care sufer\u0103 de o boal\u0103 incurabil\u0103.\" \/>\n<meta name=\"robots\" content=\"index, follow, max-snippet:-1, max-image-preview:large, max-video-preview:-1\" \/>\n<link rel=\"canonical\" href=\"https:\/\/www.bucuresti21km.ro\/en\/hospice-2\/\" \/>\n<meta property=\"og:locale\" content=\"en_GB\" \/>\n<meta property=\"og:type\" content=\"article\" \/>\n<meta property=\"og:title\" content=\"HOSPICE Casa\u00a0Sperantei - OMV Petrom Bucharest HALF MARATHON #RunInBucharest\" \/>\n<meta property=\"og:description\" content=\"Alearg\u0103 pentru pacien\u021bii HOSPICE Casa Speran\u021bei la Semimaratonul Bucure\u0219ti 2018! Al\u0103tur\u0103-te echipeinoastre pe 9 si 10 mai 2020 \u0219i ajut\u0103-i pe copiii \u0219i adul\u021bii care sufer\u0103 de o boal\u0103 incurabil\u0103.\" \/>\n<meta property=\"og:url\" content=\"https:\/\/www.bucuresti21km.ro\/en\/hospice-2\/\" \/>\n<meta property=\"og:site_name\" content=\"OMV Petrom Bucharest HALF MARATHON #RunInBucharest\" \/>\n<meta property=\"article:publisher\" content=\"https:\/\/www.facebook.com\/Bucharest21km\/\" \/>\n<meta property=\"article:modified_time\" content=\"2026-03-18T15:21:52+00:00\" \/>\n<meta property=\"og:image\" content=\"https:\/\/www.bucuresti21km.ro\/media\/2012\/hospice-1.jpg\" \/>\n\t<meta property=\"og:image:width\" content=\"505\" \/>\n\t<meta property=\"og:image:height\" content=\"156\" \/>\n\t<meta property=\"og:image:type\" content=\"image\/jpeg\" \/>\n<meta name=\"twitter:card\" content=\"summary_large_image\" \/>\n<meta name=\"twitter:site\" content=\"@RunInBucharest\" \/>\n<meta name=\"twitter:label1\" content=\"Estimated reading time\" \/>\n\t<meta name=\"twitter:data1\" content=\"2 minutes\" \/>\n<script type=\"application\/ld+json\" class=\"yoast-schema-graph\">{\"@context\":\"https:\\\/\\\/schema.org\",\"@graph\":[{\"@type\":\"WebPage\",\"@id\":\"https:\\\/\\\/www.bucuresti21km.ro\\\/hospice-2\\\/\",\"url\":\"https:\\\/\\\/www.bucuresti21km.ro\\\/hospice-2\\\/\",\"name\":\"HOSPICE Casa\u00a0Sperantei - OMV Petrom Bucharest HALF MARATHON #RunInBucharest\",\"isPartOf\":{\"@id\":\"https:\\\/\\\/www.bucuresti21km.ro\\\/#website\"},\"primaryImageOfPage\":{\"@id\":\"https:\\\/\\\/www.bucuresti21km.ro\\\/hospice-2\\\/#primaryimage\"},\"image\":{\"@id\":\"https:\\\/\\\/www.bucuresti21km.ro\\\/hospice-2\\\/#primaryimage\"},\"thumbnailUrl\":\"https:\\\/\\\/www.bucuresti21km.ro\\\/media\\\/2012\\\/hospice-1.jpg\",\"datePublished\":\"2016-02-04T10:59:07+00:00\",\"dateModified\":\"2026-03-18T15:21:52+00:00\",\"description\":\"Alearg\u0103 pentru pacien\u021bii HOSPICE Casa Speran\u021bei la Semimaratonul Bucure\u0219ti 2018! Al\u0103tur\u0103-te echipeinoastre pe 9 si 10 mai 2020 \u0219i ajut\u0103-i pe copiii \u0219i adul\u021bii care sufer\u0103 de o boal\u0103 incurabil\u0103.\",\"breadcrumb\":{\"@id\":\"https:\\\/\\\/www.bucuresti21km.ro\\\/hospice-2\\\/#breadcrumb\"},\"inLanguage\":\"en-GB\",\"potentialAction\":[{\"@type\":\"ReadAction\",\"target\":[\"https:\\\/\\\/www.bucuresti21km.ro\\\/hospice-2\\\/\"]}]},{\"@type\":\"ImageObject\",\"inLanguage\":\"en-GB\",\"@id\":\"https:\\\/\\\/www.bucuresti21km.ro\\\/hospice-2\\\/#primaryimage\",\"url\":\"https:\\\/\\\/www.bucuresti21km.ro\\\/media\\\/2012\\\/hospice-1.jpg\",\"contentUrl\":\"https:\\\/\\\/www.bucuresti21km.ro\\\/media\\\/2012\\\/hospice-1.jpg\"},{\"@type\":\"BreadcrumbList\",\"@id\":\"https:\\\/\\\/www.bucuresti21km.ro\\\/hospice-2\\\/#breadcrumb\",\"itemListElement\":[{\"@type\":\"ListItem\",\"position\":1,\"name\":\"Home\",\"item\":\"https:\\\/\\\/www.bucuresti21km.ro\\\/\"},{\"@type\":\"ListItem\",\"position\":2,\"name\":\"HOSPICE Casa\u00a0Sperantei\"}]},{\"@type\":\"WebSite\",\"@id\":\"https:\\\/\\\/www.bucuresti21km.ro\\\/#website\",\"url\":\"https:\\\/\\\/www.bucuresti21km.ro\\\/\",\"name\":\"OMV Petrom Bucharest HALF MARATHON #RunInBucharest\",\"description\":\"9-10 Mai 2026\",\"publisher\":{\"@id\":\"https:\\\/\\\/www.bucuresti21km.ro\\\/#organization\"},\"potentialAction\":[{\"@type\":\"SearchAction\",\"target\":{\"@type\":\"EntryPoint\",\"urlTemplate\":\"https:\\\/\\\/www.bucuresti21km.ro\\\/?s={search_term_string}\"},\"query-input\":{\"@type\":\"PropertyValueSpecification\",\"valueRequired\":true,\"valueName\":\"search_term_string\"}}],\"inLanguage\":\"en-GB\"},{\"@type\":\"Organization\",\"@id\":\"https:\\\/\\\/www.bucuresti21km.ro\\\/#organization\",\"name\":\"OMV Petrom Bucharest Half Marathon\",\"url\":\"https:\\\/\\\/www.bucuresti21km.ro\\\/\",\"logo\":{\"@type\":\"ImageObject\",\"inLanguage\":\"en-GB\",\"@id\":\"https:\\\/\\\/www.bucuresti21km.ro\\\/#\\\/schema\\\/logo\\\/image\\\/\",\"url\":\"https:\\\/\\\/www.bucuresti21km.ro\\\/media\\\/2012\\\/cropped-opbhm_2021_logo.png\",\"contentUrl\":\"https:\\\/\\\/www.bucuresti21km.ro\\\/media\\\/2012\\\/cropped-opbhm_2021_logo.png\",\"width\":2854,\"height\":595,\"caption\":\"OMV Petrom Bucharest Half Marathon\"},\"image\":{\"@id\":\"https:\\\/\\\/www.bucuresti21km.ro\\\/#\\\/schema\\\/logo\\\/image\\\/\"},\"sameAs\":[\"https:\\\/\\\/www.facebook.com\\\/Bucharest21km\\\/\",\"https:\\\/\\\/x.com\\\/RunInBucharest\",\"https:\\\/\\\/www.instagram.com\\\/runinbucharest\\\/\",\"https:\\\/\\\/www.youtube.com\\\/channel\\\/UCzDKuV0tkMe5LSsImaDVt2g\"]}]}<\/script>\n<!-- \/ Yoast SEO plugin. -->","yoast_head_json":{"title":"HOSPICE Casa\u00a0Sperantei - OMV Petrom Bucharest HALF MARATHON #RunInBucharest","description":"Alearg\u0103 pentru pacien\u021bii HOSPICE Casa Speran\u021bei la Semimaratonul Bucure\u0219ti 2018! Al\u0103tur\u0103-te echipeinoastre pe 9 si 10 mai 2020 \u0219i ajut\u0103-i pe copiii \u0219i adul\u021bii care sufer\u0103 de o boal\u0103 incurabil\u0103.","robots":{"index":"index","follow":"follow","max-snippet":"max-snippet:-1","max-image-preview":"max-image-preview:large","max-video-preview":"max-video-preview:-1"},"canonical":"https:\/\/www.bucuresti21km.ro\/en\/hospice-2\/","og_locale":"en_GB","og_type":"article","og_title":"HOSPICE Casa\u00a0Sperantei - OMV Petrom Bucharest HALF MARATHON #RunInBucharest","og_description":"Alearg\u0103 pentru pacien\u021bii HOSPICE Casa Speran\u021bei la Semimaratonul Bucure\u0219ti 2018! Al\u0103tur\u0103-te echipeinoastre pe 9 si 10 mai 2020 \u0219i ajut\u0103-i pe copiii \u0219i adul\u021bii care sufer\u0103 de o boal\u0103 incurabil\u0103.","og_url":"https:\/\/www.bucuresti21km.ro\/en\/hospice-2\/","og_site_name":"OMV Petrom Bucharest HALF MARATHON #RunInBucharest","article_publisher":"https:\/\/www.facebook.com\/Bucharest21km\/","article_modified_time":"2026-03-18T15:21:52+00:00","og_image":[{"width":505,"height":156,"url":"https:\/\/www.bucuresti21km.ro\/media\/2012\/hospice-1.jpg","type":"image\/jpeg"}],"twitter_card":"summary_large_image","twitter_site":"@RunInBucharest","twitter_misc":{"Estimated reading time":"2 minutes"},"schema":{"@context":"https:\/\/schema.org","@graph":[{"@type":"WebPage","@id":"https:\/\/www.bucuresti21km.ro\/hospice-2\/","url":"https:\/\/www.bucuresti21km.ro\/hospice-2\/","name":"HOSPICE Casa\u00a0Sperantei - OMV Petrom Bucharest HALF MARATHON #RunInBucharest","isPartOf":{"@id":"https:\/\/www.bucuresti21km.ro\/#website"},"primaryImageOfPage":{"@id":"https:\/\/www.bucuresti21km.ro\/hospice-2\/#primaryimage"},"image":{"@id":"https:\/\/www.bucuresti21km.ro\/hospice-2\/#primaryimage"},"thumbnailUrl":"https:\/\/www.bucuresti21km.ro\/media\/2012\/hospice-1.jpg","datePublished":"2016-02-04T10:59:07+00:00","dateModified":"2026-03-18T15:21:52+00:00","description":"Alearg\u0103 pentru pacien\u021bii HOSPICE Casa Speran\u021bei la Semimaratonul Bucure\u0219ti 2018! Al\u0103tur\u0103-te echipeinoastre pe 9 si 10 mai 2020 \u0219i ajut\u0103-i pe copiii \u0219i adul\u021bii care sufer\u0103 de o boal\u0103 incurabil\u0103.","breadcrumb":{"@id":"https:\/\/www.bucuresti21km.ro\/hospice-2\/#breadcrumb"},"inLanguage":"en-GB","potentialAction":[{"@type":"ReadAction","target":["https:\/\/www.bucuresti21km.ro\/hospice-2\/"]}]},{"@type":"ImageObject","inLanguage":"en-GB","@id":"https:\/\/www.bucuresti21km.ro\/hospice-2\/#primaryimage","url":"https:\/\/www.bucuresti21km.ro\/media\/2012\/hospice-1.jpg","contentUrl":"https:\/\/www.bucuresti21km.ro\/media\/2012\/hospice-1.jpg"},{"@type":"BreadcrumbList","@id":"https:\/\/www.bucuresti21km.ro\/hospice-2\/#breadcrumb","itemListElement":[{"@type":"ListItem","position":1,"name":"Home","item":"https:\/\/www.bucuresti21km.ro\/"},{"@type":"ListItem","position":2,"name":"HOSPICE Casa\u00a0Sperantei"}]},{"@type":"WebSite","@id":"https:\/\/www.bucuresti21km.ro\/#website","url":"https:\/\/www.bucuresti21km.ro\/","name":"OMV Petrom Bucharest HALF MARATHON #RunInBucharest","description":"9-10 Mai 2026","publisher":{"@id":"https:\/\/www.bucuresti21km.ro\/#organization"},"potentialAction":[{"@type":"SearchAction","target":{"@type":"EntryPoint","urlTemplate":"https:\/\/www.bucuresti21km.ro\/?s={search_term_string}"},"query-input":{"@type":"PropertyValueSpecification","valueRequired":true,"valueName":"search_term_string"}}],"inLanguage":"en-GB"},{"@type":"Organization","@id":"https:\/\/www.bucuresti21km.ro\/#organization","name":"OMV Petrom Bucharest Half Marathon","url":"https:\/\/www.bucuresti21km.ro\/","logo":{"@type":"ImageObject","inLanguage":"en-GB","@id":"https:\/\/www.bucuresti21km.ro\/#\/schema\/logo\/image\/","url":"https:\/\/www.bucuresti21km.ro\/media\/2012\/cropped-opbhm_2021_logo.png","contentUrl":"https:\/\/www.bucuresti21km.ro\/media\/2012\/cropped-opbhm_2021_logo.png","width":2854,"height":595,"caption":"OMV Petrom Bucharest Half Marathon"},"image":{"@id":"https:\/\/www.bucuresti21km.ro\/#\/schema\/logo\/image\/"},"sameAs":["https:\/\/www.facebook.com\/Bucharest21km\/","https:\/\/x.com\/RunInBucharest","https:\/\/www.instagram.com\/runinbucharest\/","https:\/\/www.youtube.com\/channel\/UCzDKuV0tkMe5LSsImaDVt2g"]}]}},"_links":{"self":[{"href":"https:\/\/www.bucuresti21km.ro\/en\/wp-json\/wp\/v2\/pages\/2210","targetHints":{"allow":["GET"]}}],"collection":[{"href":"https:\/\/www.bucuresti21km.ro\/en\/wp-json\/wp\/v2\/pages"}],"about":[{"href":"https:\/\/www.bucuresti21km.ro\/en\/wp-json\/wp\/v2\/types\/page"}],"author":[{"embeddable":true,"href":"https:\/\/www.bucuresti21km.ro\/en\/wp-json\/wp\/v2\/users\/13"}],"replies":[{"embeddable":true,"href":"https:\/\/www.bucuresti21km.ro\/en\/wp-json\/wp\/v2\/comments?post=2210"}],"version-history":[{"count":31,"href":"https:\/\/www.bucuresti21km.ro\/en\/wp-json\/wp\/v2\/pages\/2210\/revisions"}],"predecessor-version":[{"id":8595,"href":"https:\/\/www.bucuresti21km.ro\/en\/wp-json\/wp\/v2\/pages\/2210\/revisions\/8595"}],"wp:attachment":[{"href":"https:\/\/www.bucuresti21km.ro\/en\/wp-json\/wp\/v2\/media?parent=2210"}],"curies":[{"name":"wp","href":"https:\/\/api.w.org\/{rel}","templated":true}]}}